{"id":426,"date":"2023-01-03T13:47:45","date_gmt":"2023-01-03T12:47:45","guid":{"rendered":"https:\/\/the-ideas.net\/?page_id=426"},"modified":"2023-01-03T14:15:22","modified_gmt":"2023-01-03T13:15:22","slug":"politique-confidentialite","status":"publish","type":"page","link":"https:\/\/the-ideas.net\/en\/politique-confidentialite\/","title":{"rendered":"PRIVACY POLICY"},"content":{"rendered":"<p>[et_pb_section fb_built=\u00a0\u00bb1&Prime; _builder_version=\u00a0\u00bb4.19.4&Prime; _module_preset=\u00a0\u00bbdefault\u00a0\u00bb hover_enabled=\u00a0\u00bb0&Prime; global_colors_info=\u00a0\u00bb{}\u00a0\u00bb background_color=\u00a0\u00bb#050000&Prime; sticky_enabled=\u00a0\u00bb0&Prime;][et_pb_row _builder_version=\u00a0\u00bb4.19.4&Prime; _module_preset=\u00a0\u00bbdefault\u00a0\u00bb custom_margin=\u00a0\u00bb50px||||false|false\u00a0\u00bb global_colors_info=\u00a0\u00bb{}\u00a0\u00bb][et_pb_column type=\u00a0\u00bb4_4&Prime; _builder_version=\u00a0\u00bb4.19.4&Prime; _module_preset=\u00a0\u00bbdefault\u00a0\u00bb global_colors_info=\u00a0\u00bb{}\u00a0\u00bb][et_pb_text _builder_version=\u00a0\u00bb4.19.4&Prime; _module_preset=\u00a0\u00bbdefault\u00a0\u00bb header_3_font=\u00a0\u00bbMontserrat||||||||\u00a0\u00bb header_3_text_align=\u00a0\u00bbcenter\u00a0\u00bb header_3_font_size=\u00a0\u00bb30px\u00a0\u00bb header_3_line_height=\u00a0\u00bb0.2em\u00a0\u00bb hover_enabled=\u00a0\u00bb0&Prime; global_colors_info=\u00a0\u00bb{}\u00a0\u00bb header_3_text_color=\u00a0\u00bb#ffffff\u00a0\u00bb sticky_enabled=\u00a0\u00bb0&Prime;]<\/p>\n<h3><strong>PRIVACY POLICY.<\/strong><\/h3>\n<h3><span style=\"text-decoration: underline;\">\u00a0 \u00a0 \u00a0<\/span><\/h3>\n<p>[\/et_pb_text][et_pb_text _builder_version=\u00a0\u00bb4.19.4&Prime; _module_preset=\u00a0\u00bbdefault\u00a0\u00bb text_font=\u00a0\u00bbQuestrial||||||||\u00a0\u00bb text_text_color=\u00a0\u00bb#ffffff\u00a0\u00bb text_font_size=\u00a0\u00bb16px\u00a0\u00bb hover_enabled=\u00a0\u00bb0&Prime; global_colors_info=\u00a0\u00bb{}\u00a0\u00bb sticky_enabled=\u00a0\u00bb0&Prime;]<\/p>\n<p>Date of last update : <strong>03\/01\/2023<\/strong><\/p>\n<p><strong>SECTION 1: COLLECTION OF YOUR INFORMATION<\/strong><strong>\u200b<\/strong><\/p>\n<p>We collect information when you fill out our contact forms, newsletter forms and when you book \/ purchase any of our services \/ products.<\/p>\n<p>Nous pouvons r\u00e9colter les informations suivantes : votre pr\u00e9nom, votre nom, votre adresse e-mail, votre num\u00e9ro de t\u00e9l\u00e9phone, votre adresse et votre localit\u00e9.<\/p>\n<p>In addition, we may automatically receive and record information from your computer and browser, including your IP address, software and hardware, and the page you request based on your cookie preferences you select via our banner.<\/p>\n<p><strong>SECTION 2 : USE OF YOUR INFORMATION<\/strong><\/p>\n<p>Any information we collect from you may be used to:<\/p>\n<ul>\n<li>Contact you more efficiently;<\/li>\n<li>Collect and establish statistics to improve our marketing and web marketing campaigns;<\/li>\n<li>Send you newsletters if you have subscribed to them;<\/li>\n<li>Personalize your experience and meet your individual needs.<\/li>\n<\/ul>\n<p><strong>SECTION 3 : PRIVACY OF YOUR DATA<\/strong><\/p>\n<p>We are the sole owners of the information collected on our site. Your personal information will not be sold, traded, transferred, or given to any other company for any reason without your consent.<\/p>\n<p><strong>SECTION 4 : DISCLOSURE TO THIRD PARTIES<\/strong><\/p>\n<p>We do not sell, trade, or transfer your personally identifiable information to third parties. This does not include trusted third parties who assist us in operating our website or conducting our business, so long as those parties agree to keep this information confidential.<\/p>\n<p><strong>SECTION 5 : PROTECTION OF YOUR INFORMATION<\/strong><\/p>\n<p>We implement a variety of security measures to keep your personal information safe. We use state-of-the-art encryption to protect sensitive information transmitted online. Of course, our website has a <strong>Certificat SSL (Secure Socket Layer)<\/strong>.<\/p>\n<p>We also protect your information offline. Only authorized members of the company who need to perform a specific job (for example, billing or member service) have access to personally identifiable information. The computers and servers used to store personally identifiable information are kept in a secure environment by our hosting provider.<\/p>\n<p><strong>SECTION 6: COPYING OR DELETING YOUR INFORMATION<\/strong><\/p>\n<p>We store the data transmitted via our various contact forms.<\/p>\n<p>However, you can contact us by e-mail at <strong>info@the-ideas.net <\/strong>or by phone at <strong>+230 5\u00a0473 1321<\/strong> for any request to copy or delete your personal data that we store.<\/p>\n<p><strong>SECTION 7 : SENDING NEWSLETTERS<\/strong><strong>\u200b<\/strong><\/p>\n<p>If you are concerned by the sending of our newsletter, you can unsubscribe at any time via a suggestion at the bottom of each e-mail.<\/p>\n<p><strong>SECTION 8 : POLICY OF THE HOST<\/strong><\/p>\n<p>Our host has its own privacy policy regarding the use of your data which you can consult at any time <span><a href=\"https:\/\/www.hostinger.fr\/politique-de-confidentialite\">Politique de Confidentialit\u00e9 (hostinger.fr)<\/a><\/span><\/p>\n<p><strong>SECTION 9: CONSENTING TO OUR POLICY<\/strong><\/p>\n<p>By using our site, you agree to our privacy policy and that it may be changed at any time by the publisher.<\/p>\n<p>[\/et_pb_text][\/et_pb_column][\/et_pb_row][\/et_pb_section]<\/p>","protected":false},"excerpt":{"rendered":"<p>POLITIQUE DE CONFIDENTIALITE. \u00a0 \u00a0 \u00a0Date de derni\u00e8re mise \u00e0 jour : 03\/01\/2023 ARTICLE 1 : COLLECTE DE VOS INFORMATIONS\u200b Nous recueillons des informations lorsque vous remplissez nos formulaires de contact, de newsletter et lorsque vous r\u00e9servez \/ achetez un de nos services \/ produits. Nous pouvons r\u00e9colter les informations suivantes : votre pr\u00e9nom, votre [&hellip;]<\/p>","protected":false},"author":1,"featured_media":0,"parent":0,"menu_order":0,"comment_status":"closed","ping_status":"closed","template":"","meta":{"_et_pb_use_builder":"on","_et_pb_old_content":"","_et_gb_content_width":"","footnotes":""},"class_list":["post-426","page","type-page","status-publish","hentry"],"_links":{"self":[{"href":"https:\/\/the-ideas.net\/en\/wp-json\/wp\/v2\/pages\/426","targetHints":{"allow":["GET"]}}],"collection":[{"href":"https:\/\/the-ideas.net\/en\/wp-json\/wp\/v2\/pages"}],"about":[{"href":"https:\/\/the-ideas.net\/en\/wp-json\/wp\/v2\/types\/page"}],"author":[{"embeddable":true,"href":"https:\/\/the-ideas.net\/en\/wp-json\/wp\/v2\/users\/1"}],"replies":[{"embeddable":true,"href":"https:\/\/the-ideas.net\/en\/wp-json\/wp\/v2\/comments?post=426"}],"version-history":[{"count":3,"href":"https:\/\/the-ideas.net\/en\/wp-json\/wp\/v2\/pages\/426\/revisions"}],"predecessor-version":[{"id":437,"href":"https:\/\/the-ideas.net\/en\/wp-json\/wp\/v2\/pages\/426\/revisions\/437"}],"wp:attachment":[{"href":"https:\/\/the-ideas.net\/en\/wp-json\/wp\/v2\/media?parent=426"}],"curies":[{"name":"wp","href":"https:\/\/api.w.org\/{rel}","templated":true}]}}